{"id":72011,"date":"2025-08-19T10:44:31","date_gmt":"2025-08-19T08:44:31","guid":{"rendered":"https:\/\/www.domkulture-sivac.net\/?page_id=72011"},"modified":"2025-08-19T10:47:29","modified_gmt":"2025-08-19T08:47:29","slug":"bazsalikom-bosilje-noi-enekcsoport","status":"publish","type":"page","link":"https:\/\/www.domkulture-sivac.net\/hu\/bazsalikom-bosilje-noi-enekcsoport\/","title":{"rendered":"BAZSALIKOM &#8211; BOSILJE n\u0151i \u00e9nekcsoport"},"content":{"rendered":"<p>A <strong>\u201eBazsalikom &#8211; Boszilje\u201d n\u0151i \u00e9nekcsoport<\/strong> 1996-ban alakult, f\u0151k\u00e9nt az akkori ifj\u00fas\u00e1gi t\u00e1nccsoport tagjaib\u00f3l. Az \u00e9vek sor\u00e1n mintegy h\u00fasz l\u00e1ny fordult meg a csoportban, akik az\u00e9rt l\u00e9ptek ki a csoportb\u00f3l, mert egyetemi tanulm\u00e1nyaik miatt el kellett hagyj\u00e1k Sziv\u00e1cot. Az egyetlen \u00e1lland\u00f3 tag <strong>Zlata Puri\u0107<\/strong>, aki egyben \u00e9nekes \u00e9s a csoport szakmai vezet\u0151je is.<\/p>\n<p>A \u201eBoszilje\u201d a b\u00e1cskai hagyom\u00e1nyos szerb \u00e9nekl\u00e9st \u00e1polja, de reperto\u00e1rjukban orsz\u00e1gunk m\u00e1s vid\u00e9keir\u0151l sz\u00e1rmaz\u00f3 dalok is szerepelnek. A jelenlegi fiatal csoportra jellegzetes a ton\u00e1lisan rendk\u00edv\u00fcl tiszta \u00e9s tart\u00f3 k\u00e9tsz\u00f3lam\u00fa \u00e9nekl\u00e9s, amely a sziv\u00e1ci nagymam\u00e1ink st\u00edlus\u00e1t id\u00e9zi.<\/p>\n<p><a href=\"https:\/\/www.domkulture-sivac.net\/podaci\/uploads\/2013\/01\/bosilje_1.jpg\"><img loading=\"lazy\" decoding=\"async\" class=\"aligncenter size-full wp-image-203\" src=\"https:\/\/www.domkulture-sivac.net\/podaci\/uploads\/2013\/01\/bosilje_1.jpg\" alt=\"bosilje_1\" width=\"500\" height=\"352\" srcset=\"https:\/\/www.domkulture-sivac.net\/podaci\/uploads\/2013\/01\/bosilje_1.jpg 500w, https:\/\/www.domkulture-sivac.net\/podaci\/uploads\/2013\/01\/bosilje_1-300x211.jpg 300w, https:\/\/www.domkulture-sivac.net\/podaci\/uploads\/2013\/01\/bosilje_1-195x137.jpg 195w\" sizes=\"auto, (max-width:767px) 480px, 500px\" \/><\/a> <a href=\"https:\/\/www.domkulture-sivac.net\/podaci\/uploads\/2013\/01\/bosilje_2.jpg\"><img loading=\"lazy\" decoding=\"async\" class=\"aligncenter size-full wp-image-204\" src=\"https:\/\/www.domkulture-sivac.net\/podaci\/uploads\/2013\/01\/bosilje_2.jpg\" alt=\"bosilje_2\" width=\"500\" height=\"358\" srcset=\"https:\/\/www.domkulture-sivac.net\/podaci\/uploads\/2013\/01\/bosilje_2.jpg 500w, https:\/\/www.domkulture-sivac.net\/podaci\/uploads\/2013\/01\/bosilje_2-300x214.jpg 300w, https:\/\/www.domkulture-sivac.net\/podaci\/uploads\/2013\/01\/bosilje_2-195x139.jpg 195w\" sizes=\"auto, (max-width:767px) 480px, 500px\" \/><\/a> <a href=\"https:\/\/www.domkulture-sivac.net\/podaci\/uploads\/2013\/01\/bosilje_3.jpg\"><img loading=\"lazy\" decoding=\"async\" class=\"aligncenter size-full wp-image-205\" src=\"https:\/\/www.domkulture-sivac.net\/podaci\/uploads\/2013\/01\/bosilje_3.jpg\" alt=\"bosilje_3\" width=\"500\" height=\"352\" srcset=\"https:\/\/www.domkulture-sivac.net\/podaci\/uploads\/2013\/01\/bosilje_3.jpg 500w, https:\/\/www.domkulture-sivac.net\/podaci\/uploads\/2013\/01\/bosilje_3-300x211.jpg 300w, https:\/\/www.domkulture-sivac.net\/podaci\/uploads\/2013\/01\/bosilje_3-195x137.jpg 195w\" sizes=\"auto, (max-width:767px) 480px, 500px\" \/><\/a> <a href=\"https:\/\/www.domkulture-sivac.net\/podaci\/uploads\/2013\/01\/bosilje_4.jpg\"><img loading=\"lazy\" decoding=\"async\" class=\"aligncenter size-full wp-image-206\" src=\"https:\/\/www.domkulture-sivac.net\/podaci\/uploads\/2013\/01\/bosilje_4.jpg\" alt=\"bosilje_4\" width=\"500\" height=\"335\" srcset=\"https:\/\/www.domkulture-sivac.net\/podaci\/uploads\/2013\/01\/bosilje_4.jpg 500w, https:\/\/www.domkulture-sivac.net\/podaci\/uploads\/2013\/01\/bosilje_4-300x201.jpg 300w, https:\/\/www.domkulture-sivac.net\/podaci\/uploads\/2013\/01\/bosilje_4-195x130.jpg 195w\" sizes=\"auto, (max-width:767px) 480px, 500px\" \/><\/a> <a href=\"https:\/\/www.domkulture-sivac.net\/podaci\/uploads\/2013\/01\/bosilje_5.jpg\"><img loading=\"lazy\" decoding=\"async\" class=\"aligncenter size-full wp-image-207\" src=\"https:\/\/www.domkulture-sivac.net\/podaci\/uploads\/2013\/01\/bosilje_5.jpg\" alt=\"bosilje_5\" width=\"500\" height=\"375\" srcset=\"https:\/\/www.domkulture-sivac.net\/podaci\/uploads\/2013\/01\/bosilje_5.jpg 500w, https:\/\/www.domkulture-sivac.net\/podaci\/uploads\/2013\/01\/bosilje_5-300x225.jpg 300w, https:\/\/www.domkulture-sivac.net\/podaci\/uploads\/2013\/01\/bosilje_5-195x146.jpg 195w\" sizes=\"auto, (max-width:767px) 480px, 500px\" \/><\/a> <a href=\"https:\/\/www.domkulture-sivac.net\/podaci\/uploads\/2013\/01\/bosilje_6.jpg\"><img loading=\"lazy\" decoding=\"async\" class=\"aligncenter size-full wp-image-208\" src=\"https:\/\/www.domkulture-sivac.net\/podaci\/uploads\/2013\/01\/bosilje_6.jpg\" alt=\"bosilje_6\" width=\"500\" height=\"333\" srcset=\"https:\/\/www.domkulture-sivac.net\/podaci\/uploads\/2013\/01\/bosilje_6.jpg 500w, https:\/\/www.domkulture-sivac.net\/podaci\/uploads\/2013\/01\/bosilje_6-300x199.jpg 300w, https:\/\/www.domkulture-sivac.net\/podaci\/uploads\/2013\/01\/bosilje_6-195x129.jpg 195w\" sizes=\"auto, (max-width:767px) 480px, 500px\" \/><\/a> <a href=\"https:\/\/www.domkulture-sivac.net\/podaci\/uploads\/2013\/01\/bosilje_7.jpg\"><img loading=\"lazy\" decoding=\"async\" class=\"aligncenter size-full wp-image-209\" src=\"https:\/\/www.domkulture-sivac.net\/podaci\/uploads\/2013\/01\/bosilje_7.jpg\" alt=\"bosilje_7\" width=\"500\" height=\"652\" srcset=\"https:\/\/www.domkulture-sivac.net\/podaci\/uploads\/2013\/01\/bosilje_7.jpg 500w, https:\/\/www.domkulture-sivac.net\/podaci\/uploads\/2013\/01\/bosilje_7-230x300.jpg 230w, https:\/\/www.domkulture-sivac.net\/podaci\/uploads\/2013\/01\/bosilje_7-149x195.jpg 149w\" sizes=\"auto, (max-width:767px) 480px, 500px\" \/><\/a> <a href=\"https:\/\/www.domkulture-sivac.net\/podaci\/uploads\/2013\/01\/bosilje_8.jpg\"><img loading=\"lazy\" decoding=\"async\" class=\"aligncenter size-full wp-image-210\" src=\"https:\/\/www.domkulture-sivac.net\/podaci\/uploads\/2013\/01\/bosilje_8.jpg\" alt=\"bosilje_8\" width=\"500\" height=\"695\" srcset=\"https:\/\/www.domkulture-sivac.net\/podaci\/uploads\/2013\/01\/bosilje_8.jpg 500w, https:\/\/www.domkulture-sivac.net\/podaci\/uploads\/2013\/01\/bosilje_8-215x300.jpg 215w, https:\/\/www.domkulture-sivac.net\/podaci\/uploads\/2013\/01\/bosilje_8-140x195.jpg 140w\" sizes=\"auto, (max-width:767px) 480px, 500px\" \/><\/a><\/p>\n","protected":false},"excerpt":{"rendered":"<p>A \u201eBazsalikom &#8211; Boszilje\u201d n\u0151i \u00e9nekcsoport 1996-ban alakult, f\u0151k\u00e9nt az akkori ifj\u00fas\u00e1gi t\u00e1nccsoport tagjaib\u00f3l. Az \u00e9vek sor\u00e1n mintegy h\u00fasz l\u00e1ny fordult meg a csoportban, akik az\u00e9rt<span class=\"excerpt-hellip\"> [\u2026]<\/span><\/p>\n","protected":false},"author":1003,"featured_media":-1,"parent":0,"menu_order":0,"comment_status":"closed","ping_status":"closed","template":"","meta":{"footnotes":""},"class_list":["post-72011","page","type-page","status-publish","has-post-thumbnail","hentry"],"_links":{"self":[{"href":"https:\/\/www.domkulture-sivac.net\/hu\/wp-json\/wp\/v2\/pages\/72011","targetHints":{"allow":["GET"]}}],"collection":[{"href":"https:\/\/www.domkulture-sivac.net\/hu\/wp-json\/wp\/v2\/pages"}],"about":[{"href":"https:\/\/www.domkulture-sivac.net\/hu\/wp-json\/wp\/v2\/types\/page"}],"author":[{"embeddable":true,"href":"https:\/\/www.domkulture-sivac.net\/hu\/wp-json\/wp\/v2\/users\/1003"}],"replies":[{"embeddable":true,"href":"https:\/\/www.domkulture-sivac.net\/hu\/wp-json\/wp\/v2\/comments?post=72011"}],"version-history":[{"count":1,"href":"https:\/\/www.domkulture-sivac.net\/hu\/wp-json\/wp\/v2\/pages\/72011\/revisions"}],"predecessor-version":[{"id":72012,"href":"https:\/\/www.domkulture-sivac.net\/hu\/wp-json\/wp\/v2\/pages\/72011\/revisions\/72012"}],"wp:featuredmedia":[{"embeddable":true,"href":"https:\/\/www.domkulture-sivac.net\/hu\/wp-json\/"}],"wp:attachment":[{"href":"https:\/\/www.domkulture-sivac.net\/hu\/wp-json\/wp\/v2\/media?parent=72011"}],"curies":[{"name":"wp","href":"https:\/\/api.w.org\/{rel}","templated":true}]}}