{"id":69019,"date":"2013-01-20T21:35:18","date_gmt":"2013-01-20T20:35:18","guid":{"rendered":"https:\/\/www.domkulture-sivac.net\/?page_id=69019"},"modified":"2025-04-27T23:09:45","modified_gmt":"2025-04-27T21:09:45","slug":"eloadoegyuttes","status":"publish","type":"page","link":"https:\/\/www.domkulture-sivac.net\/hu\/eloadoegyuttes\/","title":{"rendered":"El\u0151ad\u00f3egy\u00fcttes"},"content":{"rendered":"","protected":false},"excerpt":{"rendered":"","protected":false},"author":1003,"featured_media":-1,"parent":0,"menu_order":0,"comment_status":"closed","ping_status":"closed","template":"","meta":{"footnotes":""},"class_list":["post-69019","page","type-page","status-publish","has-post-thumbnail","hentry"],"_links":{"self":[{"href":"https:\/\/www.domkulture-sivac.net\/hu\/wp-json\/wp\/v2\/pages\/69019","targetHints":{"allow":["GET"]}}],"collection":[{"href":"https:\/\/www.domkulture-sivac.net\/hu\/wp-json\/wp\/v2\/pages"}],"about":[{"href":"https:\/\/www.domkulture-sivac.net\/hu\/wp-json\/wp\/v2\/types\/page"}],"author":[{"embeddable":true,"href":"https:\/\/www.domkulture-sivac.net\/hu\/wp-json\/wp\/v2\/users\/1003"}],"replies":[{"embeddable":true,"href":"https:\/\/www.domkulture-sivac.net\/hu\/wp-json\/wp\/v2\/comments?post=69019"}],"version-history":[{"count":1,"href":"https:\/\/www.domkulture-sivac.net\/hu\/wp-json\/wp\/v2\/pages\/69019\/revisions"}],"predecessor-version":[{"id":69020,"href":"https:\/\/www.domkulture-sivac.net\/hu\/wp-json\/wp\/v2\/pages\/69019\/revisions\/69020"}],"wp:featuredmedia":[{"embeddable":true,"href":"https:\/\/www.domkulture-sivac.net\/hu\/wp-json\/"}],"wp:attachment":[{"href":"https:\/\/www.domkulture-sivac.net\/hu\/wp-json\/wp\/v2\/media?parent=69019"}],"curies":[{"name":"wp","href":"https:\/\/api.w.org\/{rel}","templated":true}]}}