{"id":69001,"date":"2014-12-03T21:55:36","date_gmt":"2014-12-03T20:55:36","guid":{"rendered":"https:\/\/www.domkulture-sivac.net\/?page_id=69001"},"modified":"2025-07-09T12:20:49","modified_gmt":"2025-07-09T10:20:49","slug":"szivac-falu-negy-sorban","status":"publish","type":"page","link":"https:\/\/www.domkulture-sivac.net\/hu\/szivac-falu-negy-sorban\/","title":{"rendered":"Sziv\u00e0c falu n\u00e9gy sorban"},"content":{"rendered":"<p data-start=\"47\" data-end=\"103\"><strong data-start=\"47\" data-end=\"103\">\u201eSZIV\u00c1C FALU N\u00c9GY SORBAN, T\u00c1VOLR\u00d3L V\u00c1ROSNAK L\u00c1TSZIK\u201d<\/strong><\/p>\n<p data-start=\"105\" data-end=\"403\">Ez a szeml\u00e9letes \u201ebe\u0107arac\u201d (n\u00e9pdal), amelyet r\u00e9g\u00f3ta \u00e9nekelnek, azt sugallja, hogy egy nagy telep\u00fcl\u00e9sr\u0151l van sz\u00f3. \u00c9s val\u00f3ban, Sziv\u00e1c az egyik legnagyobb falu, t\u00f6bb mint t\u00edzezer lakossal. A \u201e\u00e9des Cservenka\u201d \u00e9s a boh\u00e9m Szabadka (Sombor) k\u00f6z\u00f6tt helyezkedik el, s\u0171r\u0171n elsz\u00f3rva a Telecsi-fenns\u00edk lank\u00e1in.<\/p>\n<p data-start=\"405\" data-end=\"601\">A kedves, f\u0151k\u00e9nt mez\u0151gazdas\u00e1ggal foglalkoz\u00f3 embereken k\u00edv\u00fcl Sziv\u00e1cot h\u00e1rom templom \u00e9s a M\u0171vel\u0151d\u00e9si H\u00e1z is d\u00edsz\u00edti, amely vil\u00e1g\u00edt\u00f3toronyk\u00e9nt vonzza a dal, t\u00e1nc, sz\u00ednj\u00e1tsz\u00e1s \u00e9s zen\u00e9l\u00e9s szerelmeseit.<\/p>\n<p data-start=\"405\" data-end=\"601\"><img loading=\"lazy\" decoding=\"async\" class=\"aligncenter size-full wp-image-71966\" src=\"https:\/\/www.domkulture-sivac.net\/podaci\/uploads\/2025\/07\/sivac_1.jpg\" alt=\"\" width=\"550\" height=\"309\" srcset=\"https:\/\/www.domkulture-sivac.net\/podaci\/uploads\/2025\/07\/sivac_1.jpg 550w, https:\/\/www.domkulture-sivac.net\/podaci\/uploads\/2025\/07\/sivac_1-300x169.jpg 300w, https:\/\/www.domkulture-sivac.net\/podaci\/uploads\/2025\/07\/sivac_1-133x75.jpg 133w, https:\/\/www.domkulture-sivac.net\/podaci\/uploads\/2025\/07\/sivac_1-480x270.jpg 480w\" sizes=\"auto, (max-width:767px) 480px, 550px\" \/><\/p>\n<p data-start=\"405\" data-end=\"601\">A M\u0171vel\u0151d\u00e9si H\u00e1z n\u00e9pt\u00e1ncegy\u00fcttese m\u00e1r f\u00e9l \u00e9vsz\u00e1zada m\u0171k\u00f6dik, \u00e9s fell\u00e9p\u00e9sei, sikerei gy\u00f6ngysork\u00e9nt k\u00f6vetik egym\u00e1st a mai napig. A gyerekcsoportt\u00f3l kezdve a hagyom\u00e1ny\u0151rz\u0151 egy\u00fcttesen, f\u00e9rfi \u00e9s n\u0151i \u00e9nekkaron, sz\u00f3list\u00e1kon, hangszereseken \u00e1t a hagyom\u00e1nyos hangszereket \u2014 dud\u00e1t, furuly\u00e1t, samic\u00e1t, dobot \u00e9s tambur\u00e1t \u2014 megsz\u00f3laltat\u00f3 zenekarig mindannyian ugyanazon az \u00faton j\u00e1rnak: a szerb n\u00e9pi hagyom\u00e1nyok \u00e9s szok\u00e1sok meg\u0151rz\u00e9s\u00e9nek \u00fatj\u00e1n.<\/p>\n<p data-start=\"405\" data-end=\"601\"><img loading=\"lazy\" decoding=\"async\" class=\"aligncenter size-full wp-image-71970\" src=\"https:\/\/www.domkulture-sivac.net\/podaci\/uploads\/2025\/07\/orkestar_2.jpg\" alt=\"\" width=\"550\" height=\"399\" srcset=\"https:\/\/www.domkulture-sivac.net\/podaci\/uploads\/2025\/07\/orkestar_2.jpg 550w, https:\/\/www.domkulture-sivac.net\/podaci\/uploads\/2025\/07\/orkestar_2-300x218.jpg 300w, https:\/\/www.domkulture-sivac.net\/podaci\/uploads\/2025\/07\/orkestar_2-103x75.jpg 103w, https:\/\/www.domkulture-sivac.net\/podaci\/uploads\/2025\/07\/orkestar_2-480x348.jpg 480w\" sizes=\"auto, (max-width:767px) 480px, 550px\" \/><\/p>\n<p data-start=\"405\" data-end=\"601\">A gyermek- \u00e9s ifj\u00fas\u00e1gi egy\u00fcttes sikereir\u0151l sz\u00e1mos oklev\u00e9l tan\u00faskodik, amelyeket tartom\u00e1nyi \u00e9s orsz\u00e1gos versenyeken nyertek \u2014 ezek joggal adnak okot arra, hogy azt mondjuk: <strong data-start=\"214\" data-end=\"257\">\u201eMi mindig a legjobbak k\u00f6z\u00f6tt vagyunk.\u201d<\/strong><\/p>\n<p data-start=\"405\" data-end=\"601\"><img loading=\"lazy\" decoding=\"async\" class=\"aligncenter size-full wp-image-71974\" src=\"https:\/\/www.domkulture-sivac.net\/podaci\/uploads\/2025\/07\/folklor_3.jpg\" alt=\"\" width=\"550\" height=\"367\" srcset=\"https:\/\/www.domkulture-sivac.net\/podaci\/uploads\/2025\/07\/folklor_3.jpg 550w, https:\/\/www.domkulture-sivac.net\/podaci\/uploads\/2025\/07\/folklor_3-300x200.jpg 300w, https:\/\/www.domkulture-sivac.net\/podaci\/uploads\/2025\/07\/folklor_3-112x75.jpg 112w, https:\/\/www.domkulture-sivac.net\/podaci\/uploads\/2025\/07\/folklor_3-480x320.jpg 480w\" sizes=\"auto, (max-width:767px) 480px, 550px\" \/><\/p>\n<p data-start=\"405\" data-end=\"601\">J\u00falius 6-\u00e1n, imm\u00e1r hossz\u00fa \u00e9vek \u00f3ta, \u00f6sszegy\u0171l\u00fcnk az <strong data-start=\"100\" data-end=\"118\">\u201eIv\u00e1nyi Vir\u00e1g\u201d<\/strong> fesztiv\u00e1l k\u00f6r\u00e9, amely a vajdas\u00e1gi \u0151shonos szerbek hagyom\u00e1nyainak \u00f6r\u00f6k\u00f6s\u00e9v\u00e9 v\u00e1lt. A Szer\u00e9ms\u00e9gb\u0151l, B\u00e1n\u00e1tb\u00f3l \u00e9s B\u00e1csk\u00e1b\u00f3l \u00e9rkez\u0151 r\u00e9sztvev\u0151k bemutatj\u00e1k, mit \u0151riztek meg a feled\u00e9st\u0151l \u2014 mindez dokument\u00e1lva, f\u00e9nyk\u00e9pezve \u00e9s felv\u00e9teleken meg\u00f6r\u00f6k\u00edtve \u2014, \u00edgy a mi vajdas\u00e1gi kert\u00fcnk egyre nagyobb \u00e9s sz\u00ednesebb lesz.<\/p>\n<p data-start=\"405\" data-end=\"601\"><img loading=\"lazy\" decoding=\"async\" class=\"aligncenter size-full wp-image-71978\" src=\"https:\/\/www.domkulture-sivac.net\/podaci\/uploads\/2025\/07\/ivanjsko_cvece_4.jpg\" alt=\"\" width=\"550\" height=\"310\" srcset=\"https:\/\/www.domkulture-sivac.net\/podaci\/uploads\/2025\/07\/ivanjsko_cvece_4.jpg 550w, https:\/\/www.domkulture-sivac.net\/podaci\/uploads\/2025\/07\/ivanjsko_cvece_4-300x169.jpg 300w, https:\/\/www.domkulture-sivac.net\/podaci\/uploads\/2025\/07\/ivanjsko_cvece_4-133x75.jpg 133w, https:\/\/www.domkulture-sivac.net\/podaci\/uploads\/2025\/07\/ivanjsko_cvece_4-480x271.jpg 480w\" sizes=\"auto, (max-width:767px) 480px, 550px\" \/><\/p>\n<p data-start=\"405\" data-end=\"601\">1985-ben megkaptuk a Szerb K\u00f6zt\u00e1rsas\u00e1g legnagyobb kultur\u00e1lis elismer\u00e9s\u00e9t \u2014 a <strong data-start=\"122\" data-end=\"135\">Vuk-d\u00edjat<\/strong>. Ez a d\u00edj ma is k\u00f6telez \u00e9s \u00f6szt\u00f6n\u00f6z benn\u00fcnket.<\/p>\n<p data-start=\"405\" data-end=\"601\"><img loading=\"lazy\" decoding=\"async\" class=\"aligncenter size-full wp-image-71982\" src=\"https:\/\/www.domkulture-sivac.net\/podaci\/uploads\/2025\/07\/kud_5.jpg\" alt=\"\" width=\"550\" height=\"366\" srcset=\"https:\/\/www.domkulture-sivac.net\/podaci\/uploads\/2025\/07\/kud_5.jpg 550w, https:\/\/www.domkulture-sivac.net\/podaci\/uploads\/2025\/07\/kud_5-300x200.jpg 300w, https:\/\/www.domkulture-sivac.net\/podaci\/uploads\/2025\/07\/kud_5-113x75.jpg 113w, https:\/\/www.domkulture-sivac.net\/podaci\/uploads\/2025\/07\/kud_5-480x319.jpg 480w\" sizes=\"auto, (max-width:767px) 480px, 550px\" \/><\/p>\n","protected":false},"excerpt":{"rendered":"<p>\u201eSZIV\u00c1C FALU N\u00c9GY SORBAN, T\u00c1VOLR\u00d3L V\u00c1ROSNAK L\u00c1TSZIK\u201d Ez a szeml\u00e9letes \u201ebe\u0107arac\u201d (n\u00e9pdal), amelyet r\u00e9g\u00f3ta \u00e9nekelnek, azt sugallja, hogy egy nagy telep\u00fcl\u00e9sr\u0151l van sz\u00f3. \u00c9s val\u00f3ban, Sziv\u00e1c<span class=\"excerpt-hellip\"> [\u2026]<\/span><\/p>\n","protected":false},"author":1003,"featured_media":-1,"parent":0,"menu_order":0,"comment_status":"closed","ping_status":"closed","template":"","meta":{"footnotes":""},"class_list":["post-69001","page","type-page","status-publish","has-post-thumbnail","hentry"],"_links":{"self":[{"href":"https:\/\/www.domkulture-sivac.net\/hu\/wp-json\/wp\/v2\/pages\/69001","targetHints":{"allow":["GET"]}}],"collection":[{"href":"https:\/\/www.domkulture-sivac.net\/hu\/wp-json\/wp\/v2\/pages"}],"about":[{"href":"https:\/\/www.domkulture-sivac.net\/hu\/wp-json\/wp\/v2\/types\/page"}],"author":[{"embeddable":true,"href":"https:\/\/www.domkulture-sivac.net\/hu\/wp-json\/wp\/v2\/users\/1003"}],"replies":[{"embeddable":true,"href":"https:\/\/www.domkulture-sivac.net\/hu\/wp-json\/wp\/v2\/comments?post=69001"}],"version-history":[{"count":3,"href":"https:\/\/www.domkulture-sivac.net\/hu\/wp-json\/wp\/v2\/pages\/69001\/revisions"}],"predecessor-version":[{"id":71986,"href":"https:\/\/www.domkulture-sivac.net\/hu\/wp-json\/wp\/v2\/pages\/69001\/revisions\/71986"}],"wp:featuredmedia":[{"embeddable":true,"href":"https:\/\/www.domkulture-sivac.net\/hu\/wp-json\/"}],"wp:attachment":[{"href":"https:\/\/www.domkulture-sivac.net\/hu\/wp-json\/wp\/v2\/media?parent=69001"}],"curies":[{"name":"wp","href":"https:\/\/api.w.org\/{rel}","templated":true}]}}